{"id":3141,"date":"2022-03-28T10:59:58","date_gmt":"2022-03-28T08:59:58","guid":{"rendered":"https:\/\/support.kodak.gtcie.com\/manuels-dutilisation-et-notices\/"},"modified":"2024-11-04T14:15:42","modified_gmt":"2024-11-04T13:15:42","slug":"handbucher-und-betriebsanleitungen","status":"publish","type":"page","link":"https:\/\/support.kodak.gtcie.com\/de\/","title":{"rendered":"Handb\u00fccher und Konformit\u00e4tserkl\u00e4rungen"},"content":{"rendered":"\t\t<div data-elementor-type=\"wp-page\" data-elementor-id=\"3141\" class=\"elementor elementor-3141 elementor-5\">\n\t\t\t\t\t\t<section class=\"elementor-section elementor-top-section elementor-element elementor-element-bb9282c elementor-section-boxed elementor-section-height-default elementor-section-height-default\" data-id=\"bb9282c\" data-element_type=\"section\" data-settings=\"{&quot;background_background&quot;:&quot;classic&quot;}\">\n\t\t\t\t\t\t<div class=\"elementor-container elementor-column-gap-default\">\n\t\t\t\t\t<div class=\"elementor-column elementor-col-100 elementor-top-column elementor-element elementor-element-7d4f061\" data-id=\"7d4f061\" data-element_type=\"column\">\n\t\t\t<div class=\"elementor-widget-wrap elementor-element-populated\">\n\t\t\t\t\t\t<div class=\"elementor-element elementor-element-14825ab elementor-widget elementor-widget-text-editor\" data-id=\"14825ab\" data-element_type=\"widget\" data-widget_type=\"text-editor.default\">\n\t\t\t\t<div class=\"elementor-widget-container\">\n\t\t\t<style>\/*! elementor - v3.22.0 - 17-06-2024 *\/\n.elementor-widget-text-editor.elementor-drop-cap-view-stacked .elementor-drop-cap{background-color:#69727d;color:#fff}.elementor-widget-text-editor.elementor-drop-cap-view-framed .elementor-drop-cap{color:#69727d;border:3px solid;background-color:transparent}.elementor-widget-text-editor:not(.elementor-drop-cap-view-default) .elementor-drop-cap{margin-top:8px}.elementor-widget-text-editor:not(.elementor-drop-cap-view-default) .elementor-drop-cap-letter{width:1em;height:1em}.elementor-widget-text-editor .elementor-drop-cap{float:left;text-align:center;line-height:1;font-size:50px}.elementor-widget-text-editor .elementor-drop-cap-letter{display:inline-block}<\/style>\t\t\t\t<p>Hilfe \u00bb Betriebsanleitungen<\/p>\n\t\t\t\t\t\t<\/div>\n\t\t\t\t<\/div>\n\t\t\t\t<div class=\"elementor-element elementor-element-0a232b3 elementor-widget elementor-widget-heading\" data-id=\"0a232b3\" data-element_type=\"widget\" data-widget_type=\"heading.default\">\n\t\t\t\t<div class=\"elementor-widget-container\">\n\t\t\t<style>\/*! elementor - v3.22.0 - 17-06-2024 *\/\n.elementor-heading-title{padding:0;margin:0;line-height:1}.elementor-widget-heading .elementor-heading-title[class*=elementor-size-]>a{color:inherit;font-size:inherit;line-height:inherit}.elementor-widget-heading .elementor-heading-title.elementor-size-small{font-size:15px}.elementor-widget-heading .elementor-heading-title.elementor-size-medium{font-size:19px}.elementor-widget-heading .elementor-heading-title.elementor-size-large{font-size:29px}.elementor-widget-heading .elementor-heading-title.elementor-size-xl{font-size:39px}.elementor-widget-heading .elementor-heading-title.elementor-size-xxl{font-size:59px}<\/style><h1 class=\"elementor-heading-title elementor-size-default\">Handb\u00fccher und <br>\nKonformit\u00e4tserkl\u00e4rungen<\/h1>\t\t<\/div>\n\t\t\t\t<\/div>\n\t\t\t\t\t<\/div>\n\t\t<\/div>\n\t\t\t\t\t<\/div>\n\t\t<\/section>\n\t\t\t\t<section class=\"elementor-section elementor-top-section elementor-element elementor-element-ba6f002 elementor-section-boxed elementor-section-height-default elementor-section-height-default\" data-id=\"ba6f002\" data-element_type=\"section\">\n\t\t\t\t\t\t<div class=\"elementor-container elementor-column-gap-default\">\n\t\t\t\t\t<div class=\"elementor-column elementor-col-100 elementor-top-column elementor-element elementor-element-fb72b7c\" data-id=\"fb72b7c\" data-element_type=\"column\">\n\t\t\t<div class=\"elementor-widget-wrap elementor-element-populated\">\n\t\t\t\t\t\t<div class=\"elementor-element elementor-element-cd883a6 elementor-widget elementor-widget-heading\" data-id=\"cd883a6\" data-element_type=\"widget\" data-widget_type=\"heading.default\">\n\t\t\t\t<div class=\"elementor-widget-container\">\n\t\t\t<h2 class=\"elementor-heading-title elementor-size-default\">W\u00e4hlen Sie eine Kategorie<\/h2>\t\t<\/div>\n\t\t\t\t<\/div>\n\t\t\t\t<div class=\"elementor-element elementor-element-636596b elementor-widget elementor-widget-shortcode\" data-id=\"636596b\" data-element_type=\"widget\" data-widget_type=\"shortcode.default\">\n\t\t\t\t<div class=\"elementor-widget-container\">\n\t\t\t\t\t<div class=\"elementor-shortcode\">\r\n\r\n\r\n<div class=\"categories-grid\">\r\n\t<a href=\"\/de\/category\/batterien\" class=\"categories-grid__card\">\r\n\t\t<img decoding=\"async\" src=\"https:\/\/support.kodak.gtcie.com\/wp-content\/uploads\/2024\/12\/picto-batterie-KODAK.png\" alt=\"Batterien\" class=\"categories-grid__card__picto\">\r\n\t\t<div class=\"categories-grid__card__name\">\r\n\t\t\tBatterien\t\t<\/div>\r\n\t<\/a>\r\n\t<a href=\"\/de\/category\/kompaktkameras\" class=\"categories-grid__card\">\r\n\t\t<img decoding=\"async\" src=\"https:\/\/support.kodak.gtcie.com\/wp-content\/uploads\/2022\/10\/Icon_GTC_site_Jaune_Plan-de-travail-1-copie-9.png\" alt=\"Kompaktkameras\" class=\"categories-grid__card__picto\">\r\n\t\t<div class=\"categories-grid__card__name\">\r\n\t\t\tKompaktkameras\t\t<\/div>\r\n\t<\/a>\r\n\t<a href=\"\/de\/category\/bridgekameras\" class=\"categories-grid__card\">\r\n\t\t<img decoding=\"async\" src=\"https:\/\/support.kodak.gtcie.com\/wp-content\/uploads\/2022\/10\/Icon_GTC_site_Jaune_Plan-de-travail-1.png\" alt=\"Bridgekameras\" class=\"categories-grid__card__picto\">\r\n\t\t<div class=\"categories-grid__card__name\">\r\n\t\t\tBridgekameras\t\t<\/div>\r\n\t<\/a>\r\n\t<a href=\"\/de\/category\/analogkameras\" class=\"categories-grid__card\">\r\n\t\t<img decoding=\"async\" src=\"https:\/\/support.kodak.gtcie.com\/wp-content\/uploads\/2022\/10\/Icon_GTC_site_Jaune_Plan-de-travail-1-copie.png\" alt=\"Analogkameras\" class=\"categories-grid__card__picto\">\r\n\t\t<div class=\"categories-grid__card__name\">\r\n\t\t\tAnalogkameras\t\t<\/div>\r\n\t<\/a>\r\n\t<a href=\"\/de\/category\/sofortbildkameras\" class=\"categories-grid__card\">\r\n\t\t<img decoding=\"async\" src=\"https:\/\/support.kodak.gtcie.com\/wp-content\/uploads\/2022\/10\/Icon_GTC_site_Jaune_Plan-de-travail-1-copie-2.png\" alt=\"Sofortbildkameras\" class=\"categories-grid__card__picto\">\r\n\t\t<div class=\"categories-grid__card__name\">\r\n\t\t\tSofortbildkameras\t\t<\/div>\r\n\t<\/a>\r\n\t<a href=\"\/de\/category\/actioncam\" class=\"categories-grid__card\">\r\n\t\t<img decoding=\"async\" src=\"https:\/\/support.kodak.gtcie.com\/wp-content\/uploads\/2022\/10\/Icon_GTC_site_Jaune_Plan-de-travail-1-copie-3.png\" alt=\"Actioncam\" class=\"categories-grid__card__picto\">\r\n\t\t<div class=\"categories-grid__card__name\">\r\n\t\t\tActioncam\t\t<\/div>\r\n\t<\/a>\r\n\t<a href=\"\/de\/category\/vlogging-de\" class=\"categories-grid__card\">\r\n\t\t<img decoding=\"async\" src=\"https:\/\/support.kodak.gtcie.com\/wp-content\/uploads\/2022\/10\/Icon_GTC_site_Jaune_Plan-de-travail-1-copie-8.png\" alt=\"Vlogging\" class=\"categories-grid__card__picto\">\r\n\t\t<div class=\"categories-grid__card__name\">\r\n\t\t\tVlogging\t\t<\/div>\r\n\t<\/a>\r\n\t<a href=\"\/de\/category\/digitalfotorahmen\" class=\"categories-grid__card\">\r\n\t\t<img decoding=\"async\" src=\"https:\/\/support.kodak.gtcie.com\/wp-content\/uploads\/2022\/10\/Icon_GTC_site_Jaune_Plan-de-travail-1-copie-7.png\" alt=\"Digitalfotorahmen\" class=\"categories-grid__card__picto\">\r\n\t\t<div class=\"categories-grid__card__name\">\r\n\t\t\tDigitalfotorahmen\t\t<\/div>\r\n\t<\/a>\r\n\t<a href=\"\/de\/category\/diktiergerate\" class=\"categories-grid__card\">\r\n\t\t<img decoding=\"async\" src=\"https:\/\/support.kodak.gtcie.com\/wp-content\/uploads\/2022\/10\/Icon_GTC_site_Jaune-15.png\" alt=\"Diktierger\u00e4te\" class=\"categories-grid__card__picto\">\r\n\t\t<div class=\"categories-grid__card__name\">\r\n\t\t\tDiktierger\u00e4te\t\t<\/div>\r\n\t<\/a>\r\n\t<a href=\"\/de\/category\/fernglas\" class=\"categories-grid__card\">\r\n\t\t<img decoding=\"async\" src=\"https:\/\/support.kodak.gtcie.com\/wp-content\/uploads\/2022\/10\/Icon_GTC_site_Jaune_Plan-de-travail-1-copie-10.png\" alt=\"Fernglas\" class=\"categories-grid__card__picto\">\r\n\t\t<div class=\"categories-grid__card__name\">\r\n\t\t\tFernglas\t\t<\/div>\r\n\t<\/a>\r\n\t<a href=\"\/de\/category\/verbundenes-haus\" class=\"categories-grid__card\">\r\n\t\t<img decoding=\"async\" src=\"https:\/\/support.kodak.gtcie.com\/wp-content\/uploads\/2022\/10\/Icon_GTC_site_Jaune_Plan-de-travail-1-copie-11.png\" alt=\"Verbundenes Haus\" class=\"categories-grid__card__picto\">\r\n\t\t<div class=\"categories-grid__card__name\">\r\n\t\t\tVerbundenes Haus\t\t<\/div>\r\n\t<\/a>\r\n\t<a href=\"\/de\/category\/fotodrucker\" class=\"categories-grid__card\">\r\n\t\t<img decoding=\"async\" src=\"https:\/\/support.kodak.gtcie.com\/wp-content\/uploads\/2022\/10\/Icon_GTC_site_Jaune_Plan-de-travail-1-copie-5.png\" alt=\"Fotodrucker\" class=\"categories-grid__card__picto\">\r\n\t\t<div class=\"categories-grid__card__name\">\r\n\t\t\tFotodrucker\t\t<\/div>\r\n\t<\/a>\r\n\t<a href=\"\/de\/category\/audio-de\" class=\"categories-grid__card\">\r\n\t\t<img decoding=\"async\" src=\"https:\/\/support.kodak.gtcie.com\/wp-content\/uploads\/2024\/12\/icon-audio-KODAK.png\" alt=\"Audio\" class=\"categories-grid__card__picto\">\r\n\t\t<div class=\"categories-grid__card__name\">\r\n\t\t\tAudio\t\t<\/div>\r\n\t<\/a>\r\n<\/div>\r\n\r\n\r\n<\/div>\n\t\t\t\t<\/div>\n\t\t\t\t<\/div>\n\t\t\t\t\t<\/div>\n\t\t<\/div>\n\t\t\t\t\t<\/div>\n\t\t<\/section>\n\t\t\t\t<section class=\"elementor-section elementor-top-section elementor-element elementor-element-0bda910 elementor-section-full_width elementor-section-height-default elementor-section-height-default\" data-id=\"0bda910\" data-element_type=\"section\">\n\t\t\t\t\t\t<div class=\"elementor-container elementor-column-gap-default\">\n\t\t\t\t\t<div class=\"elementor-column elementor-col-100 elementor-top-column elementor-element elementor-element-3af3dd2\" data-id=\"3af3dd2\" data-element_type=\"column\">\n\t\t\t<div class=\"elementor-widget-wrap elementor-element-populated\">\n\t\t\t\t\t\t<div class=\"elementor-element elementor-element-65cf28a elementor-widget elementor-widget-template\" data-id=\"65cf28a\" data-element_type=\"widget\" data-widget_type=\"template.default\">\n\t\t\t\t<div class=\"elementor-widget-container\">\n\t\t\t\t\t<div class=\"elementor-template\">\n\t\t\t\t\t<div data-elementor-type=\"section\" data-elementor-id=\"4475\" class=\"elementor elementor-4475 elementor-182\">\n\t\t\t\t\t<div class=\"elementor-section-wrap\">\n\t\t\t\t\t\t\t\t<section class=\"elementor-section elementor-top-section elementor-element elementor-element-7b35ad79 elementor-hidden-mobile elementor-section-boxed elementor-section-height-default elementor-section-height-default\" data-id=\"7b35ad79\" data-element_type=\"section\">\n\t\t\t\t\t\t<div class=\"elementor-container elementor-column-gap-default\">\n\t\t\t\t\t<div class=\"elementor-column elementor-col-50 elementor-top-column elementor-element elementor-element-6352e38c\" data-id=\"6352e38c\" data-element_type=\"column\">\n\t\t\t<div class=\"elementor-widget-wrap elementor-element-populated\">\n\t\t\t\t\t\t<section class=\"elementor-section elementor-inner-section elementor-element elementor-element-1a1d7c6 elementor-section-full_width blocSoucis elementor-section-height-default elementor-section-height-default\" data-id=\"1a1d7c6\" data-element_type=\"section\" data-settings=\"{&quot;background_background&quot;:&quot;classic&quot;}\">\n\t\t\t\t\t\t<div class=\"elementor-container elementor-column-gap-default\">\n\t\t\t\t\t<div class=\"elementor-column elementor-col-50 elementor-inner-column elementor-element elementor-element-452b5ec0\" data-id=\"452b5ec0\" data-element_type=\"column\">\n\t\t\t<div class=\"elementor-widget-wrap elementor-element-populated\">\n\t\t\t\t\t\t<div class=\"elementor-element elementor-element-52ab0b44 elementor-widget elementor-widget-image\" data-id=\"52ab0b44\" data-element_type=\"widget\" data-widget_type=\"image.default\">\n\t\t\t\t<div class=\"elementor-widget-container\">\n\t\t\t<style>\/*! elementor - v3.22.0 - 17-06-2024 *\/\n.elementor-widget-image{text-align:center}.elementor-widget-image a{display:inline-block}.elementor-widget-image a img[src$=\".svg\"]{width:48px}.elementor-widget-image img{vertical-align:middle;display:inline-block}<\/style>\t\t\t\t\t\t\t\t\t\t<img decoding=\"async\" width=\"210\" height=\"175\" src=\"https:\/\/support.kodak.gtcie.com\/wp-content\/uploads\/2022\/03\/Rectangle-26.jpg\" class=\"attachment-large size-large wp-image-502\" alt=\"\" \/>\t\t\t\t\t\t\t\t\t\t\t\t\t<\/div>\n\t\t\t\t<\/div>\n\t\t\t\t\t<\/div>\n\t\t<\/div>\n\t\t\t\t<div class=\"elementor-column elementor-col-50 elementor-inner-column elementor-element elementor-element-16758e5b\" data-id=\"16758e5b\" data-element_type=\"column\">\n\t\t\t<div class=\"elementor-widget-wrap elementor-element-populated\">\n\t\t\t\t\t\t<div class=\"elementor-element elementor-element-1b6dcbf2 elementor-widget elementor-widget-heading\" data-id=\"1b6dcbf2\" data-element_type=\"widget\" data-widget_type=\"heading.default\">\n\t\t\t\t<div class=\"elementor-widget-container\">\n\t\t\t<h2 class=\"elementor-heading-title elementor-size-default\">Ein Problem mit Ihrem Kauf?<\/h2>\t\t<\/div>\n\t\t\t\t<\/div>\n\t\t\t\t<div class=\"elementor-element elementor-element-193b0250 elementor-widget__width-auto bloc-arrow elementor-widget elementor-widget-text-editor\" data-id=\"193b0250\" data-element_type=\"widget\" data-widget_type=\"text-editor.default\">\n\t\t\t\t<div class=\"elementor-widget-container\">\n\t\t\t\t\t\t\t<p>Kontaktieren Sie unseren Kundendienst<\/p>\n\t\t\t\t\t\t<\/div>\n\t\t\t\t<\/div>\n\t\t\t\t\t<\/div>\n\t\t<\/div>\n\t\t\t\t\t<\/div>\n\t\t<\/section>\n\t\t\t\t<section class=\"elementor-section elementor-inner-section elementor-element elementor-element-2213b574 elementor-section-full_width blocQuestion elementor-section-height-default elementor-section-height-default\" data-id=\"2213b574\" data-element_type=\"section\" data-settings=\"{&quot;background_background&quot;:&quot;classic&quot;}\">\n\t\t\t\t\t\t<div class=\"elementor-container elementor-column-gap-default\">\n\t\t\t\t\t<div class=\"elementor-column elementor-col-50 elementor-inner-column elementor-element elementor-element-2e35a38b\" data-id=\"2e35a38b\" data-element_type=\"column\">\n\t\t\t<div class=\"elementor-widget-wrap elementor-element-populated\">\n\t\t\t\t\t\t<div class=\"elementor-element elementor-element-6c1e4cbe elementor-widget elementor-widget-image\" data-id=\"6c1e4cbe\" data-element_type=\"widget\" data-widget_type=\"image.default\">\n\t\t\t\t<div class=\"elementor-widget-container\">\n\t\t\t\t\t\t\t\t\t\t\t\t\t<img decoding=\"async\" width=\"210\" height=\"175\" src=\"https:\/\/support.kodak.gtcie.com\/wp-content\/uploads\/2022\/03\/Group-2.jpg\" class=\"attachment-large size-large wp-image-500\" alt=\"\" \/>\t\t\t\t\t\t\t\t\t\t\t\t\t<\/div>\n\t\t\t\t<\/div>\n\t\t\t\t\t<\/div>\n\t\t<\/div>\n\t\t\t\t<div class=\"elementor-column elementor-col-50 elementor-inner-column elementor-element elementor-element-3d4cb96a\" data-id=\"3d4cb96a\" data-element_type=\"column\">\n\t\t\t<div class=\"elementor-widget-wrap elementor-element-populated\">\n\t\t\t\t\t\t<div class=\"elementor-element elementor-element-33c73c49 elementor-widget elementor-widget-heading\" data-id=\"33c73c49\" data-element_type=\"widget\" data-widget_type=\"heading.default\">\n\t\t\t\t<div class=\"elementor-widget-container\">\n\t\t\t<h2 class=\"elementor-heading-title elementor-size-default\">Eine Frage zu einem Produkt ?<\/h2>\t\t<\/div>\n\t\t\t\t<\/div>\n\t\t\t\t<div class=\"elementor-element elementor-element-9d77b04 elementor-widget__width-auto bloc-arrow elementor-widget elementor-widget-text-editor\" data-id=\"9d77b04\" data-element_type=\"widget\" data-widget_type=\"text-editor.default\">\n\t\t\t\t<div class=\"elementor-widget-container\">\n\t\t\t\t\t\t\t<p>Schauen Sie in unseren FAQs<\/p>\n\t\t\t\t\t\t<\/div>\n\t\t\t\t<\/div>\n\t\t\t\t\t<\/div>\n\t\t<\/div>\n\t\t\t\t\t<\/div>\n\t\t<\/section>\n\t\t\t\t\t<\/div>\n\t\t<\/div>\n\t\t\t\t<div class=\"elementor-column elementor-col-50 elementor-top-column elementor-element elementor-element-2b7a1039\" data-id=\"2b7a1039\" data-element_type=\"column\">\n\t\t\t<div class=\"elementor-widget-wrap elementor-element-populated\">\n\t\t\t\t\t\t<div class=\"elementor-element elementor-element-3c49256b elementor-widget elementor-widget-image\" data-id=\"3c49256b\" data-element_type=\"widget\" data-widget_type=\"image.default\">\n\t\t\t\t<div class=\"elementor-widget-container\">\n\t\t\t\t\t\t\t\t\t\t\t\t\t\t<a href=\"https:\/\/www.kodak.gtcie.com\/de\/#blockEmailSubscription_displayFooter\" target=\"_blank\">\n\t\t\t\t\t\t\t<img fetchpriority=\"high\" decoding=\"async\" width=\"900\" height=\"507\" src=\"https:\/\/support.kodak.gtcie.com\/wp-content\/uploads\/2022\/03\/kodak-newsletter-de.png\" class=\"attachment-large size-large wp-image-4759\" alt=\"\" srcset=\"https:\/\/support.kodak.gtcie.com\/wp-content\/uploads\/2022\/03\/kodak-newsletter-de.png 900w, https:\/\/support.kodak.gtcie.com\/wp-content\/uploads\/2022\/03\/kodak-newsletter-de-300x169.png 300w, https:\/\/support.kodak.gtcie.com\/wp-content\/uploads\/2022\/03\/kodak-newsletter-de-768x433.png 768w\" sizes=\"(max-width: 900px) 100vw, 900px\" \/>\t\t\t\t\t\t\t\t<\/a>\n\t\t\t\t\t\t\t\t\t\t\t\t\t<\/div>\n\t\t\t\t<\/div>\n\t\t\t\t\t<\/div>\n\t\t<\/div>\n\t\t\t\t\t<\/div>\n\t\t<\/section>\n\t\t\t\t<section class=\"elementor-section elementor-top-section elementor-element elementor-element-474cf16 elementor-hidden-desktop elementor-hidden-laptop elementor-hidden-tablet elementor-section-boxed elementor-section-height-default elementor-section-height-default\" data-id=\"474cf16\" data-element_type=\"section\">\n\t\t\t\t\t\t<div class=\"elementor-container elementor-column-gap-default\">\n\t\t\t\t\t<div class=\"elementor-column elementor-col-33 elementor-top-column elementor-element elementor-element-388a0d4 blocSoucis\" data-id=\"388a0d4\" data-element_type=\"column\" data-settings=\"{&quot;background_background&quot;:&quot;classic&quot;}\">\n\t\t\t<div class=\"elementor-widget-wrap elementor-element-populated\">\n\t\t\t\t\t\t<div class=\"elementor-element elementor-element-e2550f8 elementor-widget elementor-widget-image\" data-id=\"e2550f8\" data-element_type=\"widget\" data-widget_type=\"image.default\">\n\t\t\t\t<div class=\"elementor-widget-container\">\n\t\t\t\t\t\t\t\t\t\t\t\t\t<img loading=\"lazy\" decoding=\"async\" width=\"600\" height=\"278\" src=\"https:\/\/support.kodak.gtcie.com\/wp-content\/uploads\/2022\/03\/Rectangle-26-mob.jpg\" class=\"attachment-large size-large wp-image-514\" alt=\"\" srcset=\"https:\/\/support.kodak.gtcie.com\/wp-content\/uploads\/2022\/03\/Rectangle-26-mob.jpg 600w, https:\/\/support.kodak.gtcie.com\/wp-content\/uploads\/2022\/03\/Rectangle-26-mob-300x139.jpg 300w\" sizes=\"(max-width: 600px) 100vw, 600px\" \/>\t\t\t\t\t\t\t\t\t\t\t\t\t<\/div>\n\t\t\t\t<\/div>\n\t\t\t\t<div class=\"elementor-element elementor-element-4cf633d elementor-widget elementor-widget-heading\" data-id=\"4cf633d\" data-element_type=\"widget\" data-widget_type=\"heading.default\">\n\t\t\t\t<div class=\"elementor-widget-container\">\n\t\t\t<h2 class=\"elementor-heading-title elementor-size-default\">Ein Problem mit<br>\nIhrem Kauf?<\/h2>\t\t<\/div>\n\t\t\t\t<\/div>\n\t\t\t\t<div class=\"elementor-element elementor-element-93a9d21 elementor-widget elementor-widget-text-editor\" data-id=\"93a9d21\" data-element_type=\"widget\" data-widget_type=\"text-editor.default\">\n\t\t\t\t<div class=\"elementor-widget-container\">\n\t\t\t\t\t\t\t<p>Kontaktieren Sie unseren Kundendienst<\/p>\n\t\t\t\t\t\t<\/div>\n\t\t\t\t<\/div>\n\t\t\t\t\t<\/div>\n\t\t<\/div>\n\t\t\t\t<div class=\"elementor-column elementor-col-33 elementor-top-column elementor-element elementor-element-92a299c blocQuestion\" data-id=\"92a299c\" data-element_type=\"column\" data-settings=\"{&quot;background_background&quot;:&quot;classic&quot;}\">\n\t\t\t<div class=\"elementor-widget-wrap elementor-element-populated\">\n\t\t\t\t\t\t<div class=\"elementor-element elementor-element-f1d31d2 elementor-widget elementor-widget-image\" data-id=\"f1d31d2\" data-element_type=\"widget\" data-widget_type=\"image.default\">\n\t\t\t\t<div class=\"elementor-widget-container\">\n\t\t\t\t\t\t\t\t\t\t\t\t\t<img loading=\"lazy\" decoding=\"async\" width=\"600\" height=\"278\" src=\"https:\/\/support.kodak.gtcie.com\/wp-content\/uploads\/2022\/03\/Group-2-mon.jpg\" class=\"attachment-large size-large wp-image-512\" alt=\"\" srcset=\"https:\/\/support.kodak.gtcie.com\/wp-content\/uploads\/2022\/03\/Group-2-mon.jpg 600w, https:\/\/support.kodak.gtcie.com\/wp-content\/uploads\/2022\/03\/Group-2-mon-300x139.jpg 300w\" sizes=\"(max-width: 600px) 100vw, 600px\" \/>\t\t\t\t\t\t\t\t\t\t\t\t\t<\/div>\n\t\t\t\t<\/div>\n\t\t\t\t<div class=\"elementor-element elementor-element-83cccdc elementor-widget elementor-widget-heading\" data-id=\"83cccdc\" data-element_type=\"widget\" data-widget_type=\"heading.default\">\n\t\t\t\t<div class=\"elementor-widget-container\">\n\t\t\t<h2 class=\"elementor-heading-title elementor-size-default\">Eine Frage<br>\nzu einem Produkt?<\/h2>\t\t<\/div>\n\t\t\t\t<\/div>\n\t\t\t\t<div class=\"elementor-element elementor-element-6fd3763 elementor-widget elementor-widget-text-editor\" data-id=\"6fd3763\" data-element_type=\"widget\" data-widget_type=\"text-editor.default\">\n\t\t\t\t<div class=\"elementor-widget-container\">\n\t\t\t\t\t\t\t<p>Schauen Sie in unseren FAQs<\/p>\n\t\t\t\t\t\t<\/div>\n\t\t\t\t<\/div>\n\t\t\t\t\t<\/div>\n\t\t<\/div>\n\t\t\t\t<div class=\"elementor-column elementor-col-33 elementor-top-column elementor-element elementor-element-3e08816\" data-id=\"3e08816\" data-element_type=\"column\">\n\t\t\t<div class=\"elementor-widget-wrap elementor-element-populated\">\n\t\t\t\t\t\t<div class=\"elementor-element elementor-element-7293e69 elementor-widget elementor-widget-image\" data-id=\"7293e69\" data-element_type=\"widget\" data-widget_type=\"image.default\">\n\t\t\t\t<div class=\"elementor-widget-container\">\n\t\t\t\t\t\t\t\t\t\t\t\t\t\t<a href=\"#\">\n\t\t\t\t\t\t\t<img loading=\"lazy\" decoding=\"async\" width=\"690\" height=\"380\" src=\"https:\/\/support.kodak.gtcie.com\/wp-content\/uploads\/2022\/03\/Promo-1.jpg\" class=\"attachment-large size-large wp-image-554\" alt=\"\" srcset=\"https:\/\/support.kodak.gtcie.com\/wp-content\/uploads\/2022\/03\/Promo-1.jpg 690w, https:\/\/support.kodak.gtcie.com\/wp-content\/uploads\/2022\/03\/Promo-1-300x165.jpg 300w\" sizes=\"(max-width: 690px) 100vw, 690px\" \/>\t\t\t\t\t\t\t\t<\/a>\n\t\t\t\t\t\t\t\t\t\t\t\t\t<\/div>\n\t\t\t\t<\/div>\n\t\t\t\t\t<\/div>\n\t\t<\/div>\n\t\t\t\t\t<\/div>\n\t\t<\/section>\n\t\t\t\t<section class=\"elementor-section elementor-top-section elementor-element elementor-element-d0ea9db elementor-section-boxed elementor-section-height-default elementor-section-height-default\" data-id=\"d0ea9db\" data-element_type=\"section\">\n\t\t\t\t\t\t<div class=\"elementor-container elementor-column-gap-default\">\n\t\t\t\t\t<div class=\"elementor-column elementor-col-100 elementor-top-column elementor-element elementor-element-1e9f744\" data-id=\"1e9f744\" data-element_type=\"column\">\n\t\t\t<div class=\"elementor-widget-wrap elementor-element-populated\">\n\t\t\t\t\t\t<div class=\"elementor-element elementor-element-77ffa57 elementor-widget elementor-widget-html\" data-id=\"77ffa57\" data-element_type=\"widget\" data-widget_type=\"html.default\">\n\t\t\t\t<div class=\"elementor-widget-container\">\n\t\t\t.\t\t<\/div>\n\t\t\t\t<\/div>\n\t\t\t\t\t<\/div>\n\t\t<\/div>\n\t\t\t\t\t<\/div>\n\t\t<\/section>\n\t\t\t\t\t\t\t<\/div>\n\t\t\t\t<\/div>\n\t\t\t\t<\/div>\n\t\t\t\t<\/div>\n\t\t\t\t<\/div>\n\t\t\t\t\t<\/div>\n\t\t<\/div>\n\t\t\t\t\t<\/div>\n\t\t<\/section>\n\t\t\t\t<\/div>\n\t\t","protected":false},"excerpt":{"rendered":"<p>Hilfe \u00bb Betriebsanleitungen Handb\u00fccher und Konformit\u00e4tserkl\u00e4rungen W\u00e4hlen Sie eine Kategorie<\/p>\n","protected":false},"author":2,"featured_media":0,"parent":0,"menu_order":0,"comment_status":"closed","ping_status":"closed","template":"","meta":{"inline_featured_image":false,"footnotes":""},"class_list":["post-3141","page","type-page","status-publish","hentry"],"acf":[],"_links":{"self":[{"href":"https:\/\/support.kodak.gtcie.com\/de\/wp-json\/wp\/v2\/pages\/3141","targetHints":{"allow":["GET"]}}],"collection":[{"href":"https:\/\/support.kodak.gtcie.com\/de\/wp-json\/wp\/v2\/pages"}],"about":[{"href":"https:\/\/support.kodak.gtcie.com\/de\/wp-json\/wp\/v2\/types\/page"}],"author":[{"embeddable":true,"href":"https:\/\/support.kodak.gtcie.com\/de\/wp-json\/wp\/v2\/users\/2"}],"replies":[{"embeddable":true,"href":"https:\/\/support.kodak.gtcie.com\/de\/wp-json\/wp\/v2\/comments?post=3141"}],"version-history":[{"count":10,"href":"https:\/\/support.kodak.gtcie.com\/de\/wp-json\/wp\/v2\/pages\/3141\/revisions"}],"predecessor-version":[{"id":5963,"href":"https:\/\/support.kodak.gtcie.com\/de\/wp-json\/wp\/v2\/pages\/3141\/revisions\/5963"}],"wp:attachment":[{"href":"https:\/\/support.kodak.gtcie.com\/de\/wp-json\/wp\/v2\/media?parent=3141"}],"curies":[{"name":"wp","href":"https:\/\/api.w.org\/{rel}","templated":true}]}}