{"id":3136,"date":"2022-03-29T14:49:19","date_gmt":"2022-03-29T12:49:19","guid":{"rendered":"https:\/\/support.kodak.gtcie.com\/aide-sav\/"},"modified":"2023-03-30T13:13:14","modified_gmt":"2023-03-30T11:13:14","slug":"support-kundendienst","status":"publish","type":"page","link":"https:\/\/support.kodak.gtcie.com\/de\/support-kundendienst\/","title":{"rendered":"Support \/ Kundendienst"},"content":{"rendered":"\t\t<div data-elementor-type=\"wp-page\" data-elementor-id=\"3136\" class=\"elementor elementor-3136 elementor-199\">\n\t\t\t\t\t\t<section class=\"elementor-section elementor-top-section elementor-element elementor-element-1ec60e4 elementor-section-boxed elementor-section-height-default elementor-section-height-default\" data-id=\"1ec60e4\" data-element_type=\"section\" data-settings=\"{&quot;background_background&quot;:&quot;classic&quot;}\">\n\t\t\t\t\t\t<div class=\"elementor-container elementor-column-gap-default\">\n\t\t\t\t\t<div class=\"elementor-column elementor-col-100 elementor-top-column elementor-element elementor-element-ac02f8f\" data-id=\"ac02f8f\" data-element_type=\"column\">\n\t\t\t<div class=\"elementor-widget-wrap elementor-element-populated\">\n\t\t\t\t\t\t<div class=\"elementor-element elementor-element-bed4de1 elementor-widget elementor-widget-text-editor\" data-id=\"bed4de1\" data-element_type=\"widget\" data-widget_type=\"text-editor.default\">\n\t\t\t\t<div class=\"elementor-widget-container\">\n\t\t\t<style>\/*! elementor - v3.22.0 - 17-06-2024 *\/\n.elementor-widget-text-editor.elementor-drop-cap-view-stacked .elementor-drop-cap{background-color:#69727d;color:#fff}.elementor-widget-text-editor.elementor-drop-cap-view-framed .elementor-drop-cap{color:#69727d;border:3px solid;background-color:transparent}.elementor-widget-text-editor:not(.elementor-drop-cap-view-default) .elementor-drop-cap{margin-top:8px}.elementor-widget-text-editor:not(.elementor-drop-cap-view-default) .elementor-drop-cap-letter{width:1em;height:1em}.elementor-widget-text-editor .elementor-drop-cap{float:left;text-align:center;line-height:1;font-size:50px}.elementor-widget-text-editor .elementor-drop-cap-letter{display:inline-block}<\/style>\t\t\t\t<p><a href=\"\/\">Hilfe \u00bb Betriebsanleitungen<\/a> \u00bb Hilfe und Kundendienst<\/p>\n\t\t\t\t\t\t<\/div>\n\t\t\t\t<\/div>\n\t\t\t\t<div class=\"elementor-element elementor-element-44a3f6a elementor-widget elementor-widget-heading\" data-id=\"44a3f6a\" data-element_type=\"widget\" data-widget_type=\"heading.default\">\n\t\t\t\t<div class=\"elementor-widget-container\">\n\t\t\t<style>\/*! elementor - v3.22.0 - 17-06-2024 *\/\n.elementor-heading-title{padding:0;margin:0;line-height:1}.elementor-widget-heading .elementor-heading-title[class*=elementor-size-]>a{color:inherit;font-size:inherit;line-height:inherit}.elementor-widget-heading .elementor-heading-title.elementor-size-small{font-size:15px}.elementor-widget-heading .elementor-heading-title.elementor-size-medium{font-size:19px}.elementor-widget-heading .elementor-heading-title.elementor-size-large{font-size:29px}.elementor-widget-heading .elementor-heading-title.elementor-size-xl{font-size:39px}.elementor-widget-heading .elementor-heading-title.elementor-size-xxl{font-size:59px}<\/style><h1 class=\"elementor-heading-title elementor-size-default\">Aide et Service Apr\u00e8s-Vente<\/h1>\t\t<\/div>\n\t\t\t\t<\/div>\n\t\t\t\t\t<\/div>\n\t\t<\/div>\n\t\t\t\t\t<\/div>\n\t\t<\/section>\n\t\t\t\t<section class=\"elementor-section elementor-top-section elementor-element elementor-element-630f634 elementor-section-boxed elementor-section-height-default elementor-section-height-default\" data-id=\"630f634\" data-element_type=\"section\">\n\t\t\t\t\t\t<div class=\"elementor-container elementor-column-gap-default\">\n\t\t\t\t\t<div class=\"elementor-column elementor-col-100 elementor-top-column elementor-element elementor-element-453016f\" data-id=\"453016f\" data-element_type=\"column\">\n\t\t\t<div class=\"elementor-widget-wrap elementor-element-populated\">\n\t\t\t\t\t\t<div class=\"elementor-element elementor-element-a1c7c0c elementor-widget__width-initial elementor-widget elementor-widget-text-editor\" data-id=\"a1c7c0c\" data-element_type=\"widget\" data-widget_type=\"text-editor.default\">\n\t\t\t\t<div class=\"elementor-widget-container\">\n\t\t\t\t\t\t\t<p>01<\/p>\n\t\t\t\t\t\t<\/div>\n\t\t\t\t<\/div>\n\t\t\t\t<div class=\"elementor-element elementor-element-df06db0 elementor-widget__width-auto elementor-widget-mobile__width-initial elementor-widget elementor-widget-heading\" data-id=\"df06db0\" data-element_type=\"widget\" data-widget_type=\"heading.default\">\n\t\t\t\t<div class=\"elementor-widget-container\">\n\t\t\t<h2 class=\"elementor-heading-title elementor-size-default\">Besoin d'aide<\/h2>\t\t<\/div>\n\t\t\t\t<\/div>\n\t\t\t\t<div class=\"elementor-element elementor-element-2db8c31 elementor-widget elementor-widget-text-editor\" data-id=\"2db8c31\" data-element_type=\"widget\" data-widget_type=\"text-editor.default\">\n\t\t\t\t<div class=\"elementor-widget-container\">\n\t\t\t\t\t\t\t<p>Une question sur un produit\u00a0? Un probl\u00e8me pour vous en servir\u00a0?<\/p>\n<p>Nos \u00e9quipes sont l\u00e0 pour r\u00e9pondre \u00e0 vos questions et vous accompagner.<br \/>Vous pouvez les contacter \u00e0 l\u2019adresse e-mail suivante <a href=\"mailto:aftersales@kodak.gtcie.com\">aftersales@kodak.gtcie.com<\/a>\u00a0<\/p>\n\t\t\t\t\t\t<\/div>\n\t\t\t\t<\/div>\n\t\t\t\t\t<\/div>\n\t\t<\/div>\n\t\t\t\t\t<\/div>\n\t\t<\/section>\n\t\t\t\t<section class=\"elementor-section elementor-top-section elementor-element elementor-element-a9590e3 elementor-section-boxed elementor-section-height-default elementor-section-height-default\" data-id=\"a9590e3\" data-element_type=\"section\">\n\t\t\t\t\t\t<div class=\"elementor-container elementor-column-gap-default\">\n\t\t\t\t\t<div class=\"elementor-column elementor-col-100 elementor-top-column elementor-element elementor-element-4ae1172\" data-id=\"4ae1172\" data-element_type=\"column\">\n\t\t\t<div class=\"elementor-widget-wrap elementor-element-populated\">\n\t\t\t\t\t\t<div class=\"elementor-element elementor-element-7c47333 elementor-widget__width-initial elementor-widget elementor-widget-text-editor\" data-id=\"7c47333\" data-element_type=\"widget\" data-widget_type=\"text-editor.default\">\n\t\t\t\t<div class=\"elementor-widget-container\">\n\t\t\t\t\t\t\t<p>02<\/p>\n\t\t\t\t\t\t<\/div>\n\t\t\t\t<\/div>\n\t\t\t\t<div class=\"elementor-element elementor-element-ebf9efb elementor-widget__width-auto elementor-widget-mobile__width-initial elementor-widget elementor-widget-heading\" data-id=\"ebf9efb\" data-element_type=\"widget\" data-widget_type=\"heading.default\">\n\t\t\t\t<div class=\"elementor-widget-container\">\n\t\t\t<h2 class=\"elementor-heading-title elementor-size-default\">Service Apr\u00e8s-Vente<\/h2>\t\t<\/div>\n\t\t\t\t<\/div>\n\t\t\t\t<div class=\"elementor-element elementor-element-47f339a elementor-widget elementor-widget-text-editor\" data-id=\"47f339a\" data-element_type=\"widget\" data-widget_type=\"text-editor.default\">\n\t\t\t\t<div class=\"elementor-widget-container\">\n\t\t\t\t\t\t\t<p>La garantie l\u00e9gale d\u2019un produit est de 2 ans \u00e0 compter de la date d\u2019achat.<\/p>\n<h3>\u00a0<\/h3>\n<h3><strong>\u00a0 \u00a0 \u25cf\u00a0Prise en charge d\u2019un produit achet\u00e9 en magasin ou sur un autre site internet<\/strong><\/h3>\n<p>Rendez-vous directement dans le magasin ou contactez le site internet o\u00f9 vous avez achet\u00e9 le produit. Ils assureront la prise en charge de votre produit d\u00e9fectueux.<\/p>\n<h3>\u00a0<\/h3>\n<h3><strong>\u00a0 \u00a0 \u25cf Prise en charge d\u2019un produit achet\u00e9 sur le site www.kodak.gtcie.com<\/strong><\/h3>\n<p>Acc\u00e9dez au formulaire de prise en charge SAV en cliquant sur le lien en bas de cette page. Veuillez dans ce cas vous munir de la r\u00e9f\u00e9rence du produit, d\u2019une copie de la preuve d\u2019achat, de la date d\u2019achat et de bien identifier le probl\u00e8me rencontr\u00e9. Nous vous transmettrons un bon pour que vous puissiez nous renvoyer le produit concern\u00e9.<\/p>\n\t\t\t\t\t\t<\/div>\n\t\t\t\t<\/div>\n\t\t\t\t\t<\/div>\n\t\t<\/div>\n\t\t\t\t\t<\/div>\n\t\t<\/section>\n\t\t\t\t<section class=\"elementor-section elementor-top-section elementor-element elementor-element-da9164f elementor-section-boxed elementor-section-height-default elementor-section-height-default\" data-id=\"da9164f\" data-element_type=\"section\">\n\t\t\t\t\t\t<div class=\"elementor-container elementor-column-gap-default\">\n\t\t\t\t\t<div class=\"elementor-column elementor-col-100 elementor-top-column elementor-element elementor-element-c316d2d\" data-id=\"c316d2d\" data-element_type=\"column\">\n\t\t\t<div class=\"elementor-widget-wrap elementor-element-populated\">\n\t\t\t\t\t\t<div class=\"elementor-element elementor-element-3159225 elementor-align-center elementor-widget elementor-widget-button\" data-id=\"3159225\" data-element_type=\"widget\" data-widget_type=\"button.default\">\n\t\t\t\t<div class=\"elementor-widget-container\">\n\t\t\t\t\t<div class=\"elementor-button-wrapper\">\n\t\t\t<a class=\"elementor-button elementor-button-link elementor-size-sm\" href=\"https:\/\/support.kodak.gtcie.com\/de\/kontaktieren-sie-uns\/\">\n\t\t\t\t\t\t<span class=\"elementor-button-content-wrapper\">\n\t\t\t\t\t\t\t\t\t<span class=\"elementor-button-text\">Contactez le service apr\u00e8s-vente<\/span>\n\t\t\t\t\t<\/span>\n\t\t\t\t\t<\/a>\n\t\t<\/div>\n\t\t\t\t<\/div>\n\t\t\t\t<\/div>\n\t\t\t\t\t<\/div>\n\t\t<\/div>\n\t\t\t\t\t<\/div>\n\t\t<\/section>\n\t\t\t\t<\/div>\n\t\t","protected":false},"excerpt":{"rendered":"<p>Hilfe \u00bb Betriebsanleitungen \u00bb Hilfe und Kundendienst Aide et Service Apr\u00e8s-Vente 01 Besoin d&#8217;aide Une question sur un produit\u00a0? Un probl\u00e8me pour vous en servir\u00a0? Nos \u00e9quipes sont l\u00e0 pour r\u00e9pondre \u00e0 vos questions et vous accompagner.Vous pouvez les contacter \u00e0 l\u2019adresse e-mail suivante aftersales@kodak.gtcie.com\u00a0 02 Service Apr\u00e8s-Vente La garantie l\u00e9gale d\u2019un produit est de [&hellip;]<\/p>\n","protected":false},"author":2,"featured_media":0,"parent":0,"menu_order":0,"comment_status":"closed","ping_status":"closed","template":"","meta":{"inline_featured_image":false,"footnotes":""},"class_list":["post-3136","page","type-page","status-publish","hentry"],"acf":[],"_links":{"self":[{"href":"https:\/\/support.kodak.gtcie.com\/de\/wp-json\/wp\/v2\/pages\/3136","targetHints":{"allow":["GET"]}}],"collection":[{"href":"https:\/\/support.kodak.gtcie.com\/de\/wp-json\/wp\/v2\/pages"}],"about":[{"href":"https:\/\/support.kodak.gtcie.com\/de\/wp-json\/wp\/v2\/types\/page"}],"author":[{"embeddable":true,"href":"https:\/\/support.kodak.gtcie.com\/de\/wp-json\/wp\/v2\/users\/2"}],"replies":[{"embeddable":true,"href":"https:\/\/support.kodak.gtcie.com\/de\/wp-json\/wp\/v2\/comments?post=3136"}],"version-history":[{"count":8,"href":"https:\/\/support.kodak.gtcie.com\/de\/wp-json\/wp\/v2\/pages\/3136\/revisions"}],"predecessor-version":[{"id":4490,"href":"https:\/\/support.kodak.gtcie.com\/de\/wp-json\/wp\/v2\/pages\/3136\/revisions\/4490"}],"wp:attachment":[{"href":"https:\/\/support.kodak.gtcie.com\/de\/wp-json\/wp\/v2\/media?parent=3136"}],"curies":[{"name":"wp","href":"https:\/\/api.w.org\/{rel}","templated":true}]}}